{"id":3936,"date":"2021-10-12T10:45:33","date_gmt":"2021-10-12T09:45:33","guid":{"rendered":"https:\/\/www.dellagooden.co.uk\/?page_id=3936"},"modified":"2026-02-16T21:20:31","modified_gmt":"2026-02-16T21:20:31","slug":"exhibitions-and-projects-della-gooden","status":"publish","type":"page","link":"https:\/\/www.dellagooden.co.uk\/index.php\/exhibitions-and-projects-della-gooden\/","title":{"rendered":"Exhibitions and Projects"},"content":{"rendered":"\n<hr class=\"wp-block-separator alignwide has-text-color has-css-opacity has-background is-style-wide\" style=\"background-color:#e5d2e5;color:#e5d2e5\"\/>\n\n\n\n<div style=\"height:15px\" aria-hidden=\"true\" class=\"wp-block-spacer\"><\/div>\n\n\n\n<h2 class=\"wp-block-heading alignwide\" id=\"raumx-moyra-derby-della-gooden\"><strong>A Space Already Full<\/strong> | The Painted Church | WORKING SPACES | 2026<br><em>under construction<a style=\"text-decoration:none\" href=\"https:\/\/www.dellagooden.co.uk\/index.php\/exhibitions-and-projects-della-gooden\/raumx-moyra-derby-della-gooden\/\"> <\/a><\/em>&#8211; no link <\/h2>\n\n\n\n<div style=\"height:15px\" aria-hidden=\"true\" class=\"wp-block-spacer\"><\/div>\n\n\n\n<hr class=\"wp-block-separator alignwide has-text-color has-css-opacity has-background is-style-wide\" style=\"background-color:#e5d2e5;color:#e5d2e5\"\/>\n\n\n\n<div style=\"height:15px\" aria-hidden=\"true\" class=\"wp-block-spacer\"><\/div>\n\n\n\n<h2 class=\"wp-block-heading alignwide\" id=\"raumx-moyra-derby-della-gooden\"><strong>The 41st Artists Colony<\/strong> | Residency on Sveti Nikola Island, Por\u011bc, Croatia | 2025<br><em>under construction<a style=\"text-decoration:none\" href=\"https:\/\/www.dellagooden.co.uk\/index.php\/exhibitions-and-projects-della-gooden\/raumx-moyra-derby-della-gooden\/\"> <\/a><\/em>&#8211; no link <\/h2>\n\n\n\n<div style=\"height:15px\" aria-hidden=\"true\" class=\"wp-block-spacer\"><\/div>\n\n\n\n<hr class=\"wp-block-separator alignwide has-text-color has-css-opacity has-background is-style-wide\" style=\"background-color:#e5d2e5;color:#e5d2e5\"\/>\n\n\n\n<div style=\"height:15px\" aria-hidden=\"true\" class=\"wp-block-spacer\"><\/div>\n\n\n\n<h2 class=\"wp-block-heading alignwide\" id=\"raumx-moyra-derby-della-gooden\"><strong>World-building<\/strong> | Sey\u00f0isfj\u00f6r\u00f0ur, Iceland |  WORKING SPACES at Sluice Expo | 2025<br><em>under construction<a style=\"text-decoration:none\" href=\"https:\/\/www.dellagooden.co.uk\/index.php\/exhibitions-and-projects-della-gooden\/raumx-moyra-derby-della-gooden\/\"> <\/a><\/em>&#8211; no link <\/h2>\n\n\n\n<div style=\"height:15px\" aria-hidden=\"true\" class=\"wp-block-spacer\"><\/div>\n\n\n\n<hr class=\"wp-block-separator alignwide has-text-color has-css-opacity has-background is-style-wide\" style=\"background-color:#e5d2e5;color:#e5d2e5\"\/>\n\n\n\n<div style=\"height:15px\" aria-hidden=\"true\" class=\"wp-block-spacer\"><\/div>\n\n\n\n<h2 class=\"wp-block-heading alignwide\" id=\"raumx-moyra-derby-della-gooden\"><strong>VERNACULAR<\/strong> | The Minories, Colchester | WORKING SPACES at Sluice Expo | 2024<br><em>under construction<a style=\"text-decoration:none\" href=\"https:\/\/www.dellagooden.co.uk\/index.php\/exhibitions-and-projects-della-gooden\/raumx-moyra-derby-della-gooden\/\"> <\/a><\/em>&#8211; no link <\/h2>\n\n\n\n<div style=\"height:15px\" aria-hidden=\"true\" class=\"wp-block-spacer\"><\/div>\n\n\n\n<hr class=\"wp-block-separator alignwide has-text-color has-css-opacity has-background is-style-wide\" style=\"background-color:#e5d2e5;color:#e5d2e5\"\/>\n\n\n\n<div style=\"height:15px\" aria-hidden=\"true\" class=\"wp-block-spacer\"><\/div>\n\n\n\n<h2 class=\"wp-block-heading alignwide\" id=\"raumx-moyra-derby-della-gooden\"><strong>PADA Residency<\/strong><em style=\"text-decoration: none;\"> | <\/em>Pada Studios, Barreiro, Portugal | 2023<br><em>under construction<a style=\"text-decoration:none\" href=\"https:\/\/www.dellagooden.co.uk\/index.php\/exhibitions-and-projects-della-gooden\/raumx-moyra-derby-della-gooden\/\"> <\/a><\/em>&#8211; no link <\/h2>\n\n\n\n<div style=\"height:15px\" aria-hidden=\"true\" class=\"wp-block-spacer\"><\/div>\n\n\n\n<hr class=\"wp-block-separator alignwide has-text-color has-css-opacity has-background is-style-wide\" style=\"background-color:#e5d2e5;color:#e5d2e5\"\/>\n\n\n\n<div style=\"height:20px\" aria-hidden=\"true\" class=\"wp-block-spacer\"><\/div>\n\n\n\n<h2 class=\"wp-block-heading alignwide\" id=\"raumx-moyra-derby-della-gooden\"><a style=\"text-decoration:none\" href=\"https:\/\/www.dellagooden.co.uk\/index.php\/exhibitions-and-projects-della-gooden\/raumx-moyra-derby-della-gooden\/\"><strong>In Correspondence<\/strong> | RAUMX, London | Moyra Derby | Della Gooden<em> | <\/em>2022 <\/a><strong> <\/strong><\/h2>\n\n\n\n<div style=\"height:15px\" aria-hidden=\"true\" class=\"wp-block-spacer\"><\/div>\n\n\n\n<hr class=\"wp-block-separator alignwide has-text-color has-css-opacity has-background is-style-wide\" style=\"background-color:#e5d2e5;color:#e5d2e5\"\/>\n\n\n\n<div style=\"height:20px\" aria-hidden=\"true\" class=\"wp-block-spacer\"><\/div>\n\n\n\n<h2 class=\"wp-block-heading alignwide\"><a style=\"text-decoration:none\" href=\"https:\/\/www.dellagooden.co.uk\/index.php\/exhibitions-and-projects-della-gooden\/models-and-combos-a-publication\/\"><strong>Models &amp; Combos <\/strong>| A publication | Richard Bell | Della Gooden<strong> <\/strong>| 2022<\/a><\/h2>\n\n\n\n<div style=\"height:15px\" aria-hidden=\"true\" class=\"wp-block-spacer\"><\/div>\n\n\n\n<hr class=\"wp-block-separator alignwide has-text-color has-css-opacity has-background is-style-wide\" style=\"background-color:#e5d2e5;color:#e5d2e5\"\/>\n\n\n\n<div style=\"height:20px\" aria-hidden=\"true\" class=\"wp-block-spacer\"><\/div>\n\n\n\n<h2 class=\"wp-block-heading alignwide\"><a style=\"text-decoration:none\" href=\"https:\/\/www.dellagooden.co.uk\/index.php\/thinking-thresholds\/\"><strong>Thinking Thresholds<\/strong> | THEY COME. THEY SIT. THEY GO. | Richard Bell | Della Gooden<strong> <\/strong>| 2022<\/a><\/h2>\n\n\n\n<div style=\"height:15px\" aria-hidden=\"true\" class=\"wp-block-spacer\"><\/div>\n\n\n\n<hr class=\"wp-block-separator has-text-color has-css-opacity has-background alignwide is-style-wide\" style=\"background-color:#e5d2e5;color:#e5d2e5\"\/>\n\n\n\n<div style=\"height:20px\" aria-hidden=\"true\" class=\"wp-block-spacer\"><\/div>\n\n\n\n<h2 class=\"wp-block-heading alignwide\" id=\"the-undersides-of-practice\"><a style=\"text-decoration:none\" href=\"https:\/\/www.dellagooden.co.uk\/index.php\/the-undersides-of-practice-apt-gallery\/\"><strong>The Undersides of Practice<\/strong> | A.P.T. London | Curated by Catherine Ferguson &amp; Della Gooden | 2020 <\/a> <\/h2>\n\n\n\n<div style=\"height:15px\" aria-hidden=\"true\" class=\"wp-block-spacer\"><\/div>\n\n\n\n<hr class=\"wp-block-separator has-text-color has-css-opacity has-background alignwide is-style-wide\" style=\"background-color:#e5d2e5;color:#e5d2e5\"\/>\n\n\n\n<div style=\"height:20px\" aria-hidden=\"true\" class=\"wp-block-spacer\"><\/div>\n\n\n\n<h2 class=\"wp-block-heading alignwide has-text-align-left\" id=\"hard-painting-x2\"><a style=\"text-decoration:none\" href=\"https:\/\/www.dellagooden.co.uk\/index.php\/hard-painting\/\"><strong>Hard Painting x2<\/strong> | Phoenix Art Space Brighton |<\/a> <a style=\"text-decoration:none\" href=\"https:\/\/www.dellagooden.co.uk\/index.php\/hard-painting\/\">Curated by: Patrick O\u2019Donnell, Stig Evans, Ian Boutell, Della Gooden &amp; Philip Cole<\/a><a style=\"text-decoration:none\" href=\"https:\/\/www.dellagooden.co.uk\/index.php\/the-undersides-of-practice-apt-gallery\/\"> | 2020 <\/a> <\/h2>\n\n\n\n<div style=\"height:15px\" aria-hidden=\"true\" class=\"wp-block-spacer\"><\/div>\n\n\n\n<hr class=\"wp-block-separator has-text-color has-css-opacity has-background alignwide is-style-wide\" style=\"background-color:#e5d2e5;color:#e5d2e5\"\/>\n\n\n\n<div style=\"height:20px\" aria-hidden=\"true\" class=\"wp-block-spacer\"><\/div>\n\n\n\n<h2 class=\"wp-block-heading alignwide\" id=\"temporal-objects\"><a style=\"text-decoration:none\" href=\"https:\/\/www.dellagooden.co.uk\/index.php\/temporal-objects-at-saturation-point\/\"><strong>Temporal Objects<\/strong> | Saturation Point | Ian Boutell, Philip Cole, Stig Evans, Della Gooden, Morrissey &amp; Hancock, Patrick O&#8217;Donnell<\/a><a style=\"text-decoration:none\" href=\"https:\/\/www.dellagooden.co.uk\/index.php\/the-undersides-of-practice-apt-gallery\/\"> | 2020 <\/a> <\/h2>\n\n\n\n<div style=\"height:15px\" aria-hidden=\"true\" class=\"wp-block-spacer\"><\/div>\n\n\n\n<hr class=\"wp-block-separator has-text-color has-css-opacity has-background alignwide is-style-wide\" style=\"background-color:#e5d2e5;color:#e5d2e5\"\/>\n\n\n\n<div style=\"height:20px\" aria-hidden=\"true\" class=\"wp-block-spacer\"><\/div>\n\n\n\n<h2 class=\"wp-block-heading alignwide\" id=\"the-secret-life-of-stuff\"><a style=\"text-decoration:none\" href=\"https:\/\/www.dellagooden.co.uk\/index.php\/the-secret-life-of-stuff\/\"><strong>The Secret Life of Stuff<\/strong> | Arthouse1 Gallery London<\/a> | Group show<a style=\"text-decoration:none\" href=\"https:\/\/www.dellagooden.co.uk\/index.php\/the-secret-life-of-stuff\/\"> curated by Catherine Ferguson and Della Gooden | 2018 <\/a><\/h2>\n\n\n\n<div style=\"height:15px\" aria-hidden=\"true\" class=\"wp-block-spacer\"><\/div>\n\n\n\n<hr class=\"wp-block-separator has-text-color has-css-opacity has-background alignwide is-style-wide\" style=\"background-color:#e5d2e5;color:#e5d2e5\"\/>\n\n\n\n<div style=\"height:20px\" aria-hidden=\"true\" class=\"wp-block-spacer\"><\/div>\n\n\n\n<h2 class=\"wp-block-heading alignwide\" id=\"one-night-stands\"><a style=\"text-decoration:none\" href=\"https:\/\/www.dellagooden.co.uk\/index.php\/a-one-night-stand-with\/\"><strong>One Night Stands<\/strong><\/a> | <a style=\"text-decoration:none\" href=\"https:\/\/www.dellagooden.co.uk\/index.php\/a-one-night-stand-with\/\">&#8216;Happenings&#8217;, performances, screenings, installations&#8230;<\/a><\/h2>\n\n\n\n<div style=\"height:15px\" aria-hidden=\"true\" class=\"wp-block-spacer\"><\/div>\n\n\n\n<hr class=\"wp-block-separator has-text-color has-css-opacity has-background alignwide is-style-wide\" style=\"background-color:#e5d2e5;color:#e5d2e5\"\/>\n\n\n\n<div style=\"height:20px\" aria-hidden=\"true\" class=\"wp-block-spacer\"><\/div>\n\n\n\n<h2 class=\"wp-block-heading alignwide\" id=\"archive\"><a style=\"text-decoration:none\" href=\"https:\/\/www.dellagooden.co.uk\/index.php\/archive\/\"><strong>Archive<\/strong><\/a><strong style=\"text-decoration: none;\"><a style=\"text-decoration:none\" href=\"https:\/\/www.dellagooden.co.uk\/index.php\/archive\/\"> <\/a><\/strong> | <a style=\"text-decoration:none\" href=\"https:\/\/www.dellagooden.co.uk\/index.php\/archive\/\">Selected curated exhibitions<\/a> &#8211; <a style=\"text-decoration:none\" href=\"https:\/\/www.dellagooden.co.uk\/index.php\/archive\/\">mostly as Curator and Director of project space VINEspace and then Gooden Gallery<\/a><\/h2>\n\n\n\n<div style=\"height:15px\" aria-hidden=\"true\" class=\"wp-block-spacer\"><\/div>\n\n\n\n<hr class=\"wp-block-separator has-text-color has-css-opacity has-background alignwide is-style-wide\" style=\"background-color:#e5d2e5;color:#e5d2e5\"\/>\n\n\n\n<p class=\"has-white-color has-text-color\">Exhibitions and Projects, Della Gooden<\/p>\n","protected":false},"excerpt":{"rendered":"<p>A Space Already Full | The Painted Church | WORKING SPACES | 2026under construction &#8211; no link The 41st Artists Colony | Residency on Sveti Nikola Island, Por\u011bc, Croatia | 2025under construction &#8211; no link World-building | Sey\u00f0isfj\u00f6r\u00f0ur, Iceland | WORKING SPACES at Sluice Expo | 2025under construction &#8211; no link VERNACULAR | The Minories, [&hellip;]<\/p>\n","protected":false},"author":2,"featured_media":0,"parent":0,"menu_order":0,"comment_status":"closed","ping_status":"closed","template":"","meta":{"advgb_blocks_editor_width":"","advgb_blocks_columns_visual_guide":"","_themeisle_gutenberg_block_has_review":false,"footnotes":""},"class_list":["post-3936","page","type-page","status-publish","hentry","entry"],"yoast_head":"<!-- This site is optimized with the Yoast SEO plugin v27.0 - https:\/\/yoast.com\/product\/yoast-seo-wordpress\/ -->\n<title>Della Gooden | Exhibitions and Projects<\/title>\n<meta name=\"description\" content=\"Exhibitions and Projects\" \/>\n<meta name=\"robots\" content=\"index, follow, max-snippet:-1, max-image-preview:large, max-video-preview:-1\" \/>\n<link rel=\"canonical\" href=\"https:\/\/www.dellagooden.co.uk\/index.php\/exhibitions-and-projects-della-gooden\/\" \/>\n<meta property=\"og:locale\" content=\"en_GB\" \/>\n<meta property=\"og:type\" content=\"article\" \/>\n<meta property=\"og:title\" content=\"Della Gooden | Exhibitions and Projects\" \/>\n<meta property=\"og:description\" content=\"Exhibitions and Projects\" \/>\n<meta property=\"og:url\" content=\"https:\/\/www.dellagooden.co.uk\/index.php\/exhibitions-and-projects-della-gooden\/\" \/>\n<meta property=\"og:site_name\" content=\"Della Gooden\" \/>\n<meta property=\"article:modified_time\" content=\"2026-02-16T21:20:31+00:00\" \/>\n<meta name=\"twitter:card\" content=\"summary_large_image\" \/>\n<meta name=\"twitter:label1\" content=\"Estimated reading time\" \/>\n\t<meta name=\"twitter:data1\" content=\"2 minutes\" \/>\n<script type=\"application\/ld+json\" class=\"yoast-schema-graph\">{\"@context\":\"https:\/\/schema.org\",\"@graph\":[{\"@type\":\"WebPage\",\"@id\":\"https:\/\/www.dellagooden.co.uk\/index.php\/exhibitions-and-projects-della-gooden\/\",\"url\":\"https:\/\/www.dellagooden.co.uk\/index.php\/exhibitions-and-projects-della-gooden\/\",\"name\":\"Della Gooden | Exhibitions and Projects\",\"isPartOf\":{\"@id\":\"https:\/\/www.dellagooden.co.uk\/#website\"},\"datePublished\":\"2021-10-12T09:45:33+00:00\",\"dateModified\":\"2026-02-16T21:20:31+00:00\",\"description\":\"Exhibitions and Projects\",\"breadcrumb\":{\"@id\":\"https:\/\/www.dellagooden.co.uk\/index.php\/exhibitions-and-projects-della-gooden\/#breadcrumb\"},\"inLanguage\":\"en-GB\",\"potentialAction\":[{\"@type\":\"ReadAction\",\"target\":[\"https:\/\/www.dellagooden.co.uk\/index.php\/exhibitions-and-projects-della-gooden\/\"]}]},{\"@type\":\"BreadcrumbList\",\"@id\":\"https:\/\/www.dellagooden.co.uk\/index.php\/exhibitions-and-projects-della-gooden\/#breadcrumb\",\"itemListElement\":[{\"@type\":\"ListItem\",\"position\":1,\"name\":\"Home | Della Gooden London based artist, curator, writer\",\"item\":\"https:\/\/www.dellagooden.co.uk\/\"},{\"@type\":\"ListItem\",\"position\":2,\"name\":\"Exhibitions and Projects\"}]},{\"@type\":\"WebSite\",\"@id\":\"https:\/\/www.dellagooden.co.uk\/#website\",\"url\":\"https:\/\/www.dellagooden.co.uk\/\",\"name\":\"Della Gooden\",\"description\":\"\",\"potentialAction\":[{\"@type\":\"SearchAction\",\"target\":{\"@type\":\"EntryPoint\",\"urlTemplate\":\"https:\/\/www.dellagooden.co.uk\/?s={search_term_string}\"},\"query-input\":{\"@type\":\"PropertyValueSpecification\",\"valueRequired\":true,\"valueName\":\"search_term_string\"}}],\"inLanguage\":\"en-GB\"}]}<\/script>\n<!-- \/ Yoast SEO plugin. -->","yoast_head_json":{"title":"Della Gooden | Exhibitions and Projects","description":"Exhibitions and Projects","robots":{"index":"index","follow":"follow","max-snippet":"max-snippet:-1","max-image-preview":"max-image-preview:large","max-video-preview":"max-video-preview:-1"},"canonical":"https:\/\/www.dellagooden.co.uk\/index.php\/exhibitions-and-projects-della-gooden\/","og_locale":"en_GB","og_type":"article","og_title":"Della Gooden | Exhibitions and Projects","og_description":"Exhibitions and Projects","og_url":"https:\/\/www.dellagooden.co.uk\/index.php\/exhibitions-and-projects-della-gooden\/","og_site_name":"Della Gooden","article_modified_time":"2026-02-16T21:20:31+00:00","twitter_card":"summary_large_image","twitter_misc":{"Estimated reading time":"2 minutes"},"schema":{"@context":"https:\/\/schema.org","@graph":[{"@type":"WebPage","@id":"https:\/\/www.dellagooden.co.uk\/index.php\/exhibitions-and-projects-della-gooden\/","url":"https:\/\/www.dellagooden.co.uk\/index.php\/exhibitions-and-projects-della-gooden\/","name":"Della Gooden | Exhibitions and Projects","isPartOf":{"@id":"https:\/\/www.dellagooden.co.uk\/#website"},"datePublished":"2021-10-12T09:45:33+00:00","dateModified":"2026-02-16T21:20:31+00:00","description":"Exhibitions and Projects","breadcrumb":{"@id":"https:\/\/www.dellagooden.co.uk\/index.php\/exhibitions-and-projects-della-gooden\/#breadcrumb"},"inLanguage":"en-GB","potentialAction":[{"@type":"ReadAction","target":["https:\/\/www.dellagooden.co.uk\/index.php\/exhibitions-and-projects-della-gooden\/"]}]},{"@type":"BreadcrumbList","@id":"https:\/\/www.dellagooden.co.uk\/index.php\/exhibitions-and-projects-della-gooden\/#breadcrumb","itemListElement":[{"@type":"ListItem","position":1,"name":"Home | Della Gooden London based artist, curator, writer","item":"https:\/\/www.dellagooden.co.uk\/"},{"@type":"ListItem","position":2,"name":"Exhibitions and Projects"}]},{"@type":"WebSite","@id":"https:\/\/www.dellagooden.co.uk\/#website","url":"https:\/\/www.dellagooden.co.uk\/","name":"Della Gooden","description":"","potentialAction":[{"@type":"SearchAction","target":{"@type":"EntryPoint","urlTemplate":"https:\/\/www.dellagooden.co.uk\/?s={search_term_string}"},"query-input":{"@type":"PropertyValueSpecification","valueRequired":true,"valueName":"search_term_string"}}],"inLanguage":"en-GB"}]}},"coauthors":[],"author_meta":{"author_link":"https:\/\/www.dellagooden.co.uk\/index.php\/author\/della\/","display_name":"Della Gooden"},"relative_dates":{"created":"Posted 5 years ago","modified":"Updated 2 months ago"},"absolute_dates":{"created":"Posted on 12 October 2021","modified":"Updated on 16 February 2026"},"absolute_dates_time":{"created":"Posted on 12 October 2021 10:45 am","modified":"Updated on 16 February 2026 9:20 pm"},"featured_img_caption":"","featured_img":false,"series_order":"","_links":{"self":[{"href":"https:\/\/www.dellagooden.co.uk\/index.php\/wp-json\/wp\/v2\/pages\/3936","targetHints":{"allow":["GET"]}}],"collection":[{"href":"https:\/\/www.dellagooden.co.uk\/index.php\/wp-json\/wp\/v2\/pages"}],"about":[{"href":"https:\/\/www.dellagooden.co.uk\/index.php\/wp-json\/wp\/v2\/types\/page"}],"author":[{"embeddable":true,"href":"https:\/\/www.dellagooden.co.uk\/index.php\/wp-json\/wp\/v2\/users\/2"}],"replies":[{"embeddable":true,"href":"https:\/\/www.dellagooden.co.uk\/index.php\/wp-json\/wp\/v2\/comments?post=3936"}],"version-history":[{"count":583,"href":"https:\/\/www.dellagooden.co.uk\/index.php\/wp-json\/wp\/v2\/pages\/3936\/revisions"}],"predecessor-version":[{"id":20425,"href":"https:\/\/www.dellagooden.co.uk\/index.php\/wp-json\/wp\/v2\/pages\/3936\/revisions\/20425"}],"wp:attachment":[{"href":"https:\/\/www.dellagooden.co.uk\/index.php\/wp-json\/wp\/v2\/media?parent=3936"}],"curies":[{"name":"wp","href":"https:\/\/api.w.org\/{rel}","templated":true}]}}